{"id":77,"date":"2020-12-10T19:53:51","date_gmt":"2020-12-10T19:53:51","guid":{"rendered":"https:\/\/xn--probebhne-v9a.xn--mllerin-n2a.com\/?page_id=77"},"modified":"2022-07-06T10:49:54","modified_gmt":"2022-07-06T10:49:54","slug":"landing","status":"publish","type":"page","link":"https:\/\/xn--mllerin-n2a.com\/","title":{"rendered":"Landing"},"content":{"rendered":"<p>[et_pb_section fb_built=&#8220;1&#8243; custom_padding_last_edited=&#8220;on|phone&#8220; admin_label=&#8220;Header&#8220; _builder_version=&#8220;4.16&#8243; background_color_gradient_direction=&#8220;90deg&#8220; background_image=&#8220;https:\/\/xn--mllerin-n2a.com\/wp-content\/uploads\/2020\/12\/Kirschblueten.jpg&#8220; min_height=&#8220;1484px&#8220; custom_padding=&#8220;313px|40px|313px|40px|true|true&#8220; custom_padding_tablet=&#8220;|10%||10%|false|true&#8220; custom_padding_phone=&#8220;|5%||5%|false|true&#8220; locked=&#8220;off&#8220; global_colors_info=&#8220;{}&#8220;][et_pb_row _builder_version=&#8220;4.16&#8243; global_colors_info=&#8220;{}&#8220;][et_pb_column type=&#8220;4_4&#8243; _builder_version=&#8220;4.16&#8243; global_colors_info=&#8220;{}&#8220;][et_pb_image src=&#8220;https:\/\/xn--mllerin-n2a.com\/wp-content\/uploads\/2020\/12\/Logo-Muellerin-10.png&#8220; _builder_version=&#8220;4.16&#8243; animation_style=&#8220;fold&#8220; scroll_vertical_motion_enable=&#8220;on&#8220; global_colors_info=&#8220;{}&#8220;][\/et_pb_image][\/et_pb_column][\/et_pb_row][\/et_pb_section][et_pb_section fb_built=&#8220;1&#8243; custom_padding_last_edited=&#8220;on|desktop&#8220; admin_label=&#8220;About&#8220; _builder_version=&#8220;4.16&#8243; background_color=&#8220;#160b00&#8243; use_background_color_gradient=&#8220;on&#8220; background_color_gradient_stops=&#8220;#160b00 0%|rgba(22,11,0,0) 100%&#8220; background_color_gradient_overlays_image=&#8220;on&#8220; background_color_gradient_start=&#8220;#160b00&#8243; background_color_gradient_end=&#8220;rgba(22,11,0,0)&#8220; background_image=&#8220;https:\/\/xn--mllerin-n2a.com\/wp-content\/uploads\/2020\/12\/Arbeiten-am-Brutableger.jpg&#8220; background_position=&#8220;top_center&#8220; min_height=&#8220;100vh&#8220; custom_padding=&#8220;10vw||10vw||true|false&#8220; custom_padding_tablet=&#8220;|0px|||false|false&#8220; custom_padding_phone=&#8220;|40px|||false|false&#8220; box_shadow_style=&#8220;preset6&#8243; box_shadow_vertical=&#8220;-412px&#8220; box_shadow_blur=&#8220;500px&#8220; box_shadow_spread=&#8220;-270px&#8220; box_shadow_color=&#8220;#160b00&#8243; saved_tabs=&#8220;all&#8220; locked=&#8220;off&#8220; global_colors_info=&#8220;{}&#8220;][et_pb_row _builder_version=&#8220;4.16&#8243; locked=&#8220;off&#8220; global_colors_info=&#8220;{}&#8220;][et_pb_column type=&#8220;4_4&#8243; _builder_version=&#8220;4.16&#8243; global_colors_info=&#8220;{}&#8220;][et_pb_text _builder_version=&#8220;4.16&#8243; text_text_color=&#8220;rgba(255,207,154,0.7)&#8220; text_font_size=&#8220;16px&#8220; text_line_height=&#8220;1.8em&#8220; header_2_font=&#8220;Playfair Display||||||||&#8220; header_2_text_color=&#8220;#ffebd6&#8243; header_2_font_size=&#8220;10vw&#8220; header_2_line_height=&#8220;0.9em&#8220; background_layout=&#8220;dark&#8220; header_2_font_size_tablet=&#8220;70px&#8220; header_2_font_size_phone=&#8220;50px&#8220; header_2_font_size_last_edited=&#8220;on|phone&#8220; locked=&#8220;off&#8220; inline_fonts=&#8220;Indie Flower&#8220; global_colors_info=&#8220;{}&#8220;]<\/p>\n<h2><span style=\"font-family: 'Indie Flower';\">\u00dcber uns<\/span><\/h2>\n<p>[\/et_pb_text][\/et_pb_column][\/et_pb_row][et_pb_row _builder_version=&#8220;4.16&#8243; locked=&#8220;off&#8220; global_colors_info=&#8220;{}&#8220;][et_pb_column type=&#8220;4_4&#8243; _builder_version=&#8220;4.16&#8243; global_colors_info=&#8220;{}&#8220;][et_pb_text _builder_version=&#8220;4.16&#8243; text_text_color=&#8220;#ffffff&#8220; text_font_size=&#8220;16px&#8220; text_line_height=&#8220;1.8em&#8220; header_2_font=&#8220;Playfair Display||||||||&#8220; header_2_text_color=&#8220;#ffebd6&#8243; header_2_font_size=&#8220;60px&#8220; header_2_line_height=&#8220;1.2em&#8220; header_6_font=&#8220;|700||on|||||&#8220; header_6_text_color=&#8220;#ffcf9a&#8220; header_6_letter_spacing=&#8220;2px&#8220; header_6_line_height=&#8220;1.2em&#8220; background_enable_color=&#8220;off&#8220; background_layout=&#8220;dark&#8220; max_width=&#8220;550px&#8220; header_2_font_size_tablet=&#8220;40px&#8220; header_2_font_size_phone=&#8220;30px&#8220; header_2_font_size_last_edited=&#8220;on|phone&#8220; locked=&#8220;off&#8220; inline_fonts=&#8220;Indie Flower&#8220; global_colors_info=&#8220;{}&#8220;]<\/p>\n<p><strong>Wer hat diesen Honig gemacht?<\/strong><\/p>\n<p>Zigtausende Bienen der europ\u00e4ischen Honigbiene <em>Apis mellifera <\/em>haben f\u00fcr diesen Honig gearbeitet. F\u00fcr einen Teel\u00f6ffel Honig m\u00fcssen vier bis sieben Bienen ihr gesamtes Leben sammeln.<\/p>\n<p><strong>Werden die Bienen nicht b\u00f6se, wenn man ihnen den Honig wegnimmt?<\/strong><\/p>\n<p>Doch. Sehr. Deshalb sch\u00fctzen wir uns mit Schleiern bei der Arbeit. Aber wir klauen den Honig nicht einfach. Wir betreiben eine Art Tauschhandel mit den Bienen. Die Bienen und wir sind Partner. Wir bieten ihnen eine sch\u00f6ne, ger\u00e4umige Wohnung. Wir f\u00fcttern sie, wenn das Wetter schlecht ist und sie keinen Nektar finden. Und wir bek\u00e4mpfen die Krankheiten und Parasiten, mit denen sie sich abplagen. Der schlimmste Parasit ist die Varroa-Milbe. Diese schw\u00e4cht die Bienen enorm und kann -wenn sie nicht richtig bek\u00e4mpft wird &#8211; zum bekannten \u00abBienensterben\u00bb f\u00fchren.<\/p>\n<p><strong>Warum halten wir Bienen?<\/strong><\/p>\n<p>Wir halten Bienen weil\u2026<\/p>\n<ul>\n<li>\u2026 die Bienen sehr spannendende Insekten sind und ihre Schwarmintelligenz faszinierend ist<\/li>\n<li>\u2026 man die Natur und die Bienen genau beobachten muss, um zu wissen, was zu tun ist<\/li>\n<li>\u2026 Bienen unter anderem mit dem Best\u00e4uben eine wichtige Funktion in der Natur erf\u00fcllen<\/li>\n<li>\u2026 kein Bienenjahr ist wie das andere und man immer dazulernt.<\/li>\n<\/ul>\n<p>Und weil die Honigernte ein wirklich zuckers\u00fcsses Erlebnis ist!<\/p>\n<p><strong>Wer sind wir denn nun genau? <\/strong><\/p>\n<p>Die beiden Schwestern Christina und Martina M\u00fcller und ihre beiden Wabenknechte Andr\u00e9 Helfenstein und Roli Richli. Im richtigen Leben sind wir Ingenieure und Mechaniker.<\/p>\n<p>Christina und Andr\u00e9 imkern im Bienenhaus auf der Holzmatt in Neuenkirch. Martina und Roli halten ihre Bienen beim \u00abWeidsch\u00fcrli\u00bb in der Rippertschwand, Neuenkirch. Wir tauschen regelm\u00e4ssig Bienen, Material und Wissen.<\/p>\n<p><strong>Wie sind wir zum Imkern gekommen?<\/strong><\/p>\n<p>Die Eltern von Christina und Martina besitzen ein Bienenhaus, das einige Jahre leer stand. Als unverhofft ein Bienenvolk einzog \u2013 ohne dass es um Erlaubnis gefragt h\u00e4tte \u2013 mussten wir handeln. Wir besuchten <a href=\"https:\/\/www.bienen.ch\/bildung-wissen\/imkerkurse.html\">einen Imkerkurs<\/a>. Wir lernten die Theorie \u2013 und versuchten uns in der Praxis. Mehr oder weniger erfolgreich. Mit den Jahren gewinnt man an Erfahrung. Ausgelernt hat man als Imker nie.<\/p>\n<p>B\u00f6se Zungen behaupten: Frage zwei Imker \u2013 bekomme drei Meinungen<\/p>\n<p>Oder wie unser Vater (seines Zeichens Braunvieh-Z\u00fcchter) zu pflegen sagt: \u00abJe chliiner s Tier, desto verreckter de Z\u00f6chter\u00bb<\/p>\n<p>&nbsp;<\/p>\n<p><strong><span>\u00a0\u00a0\u00a0\u00a0\u00a0\u00a0\u00a0\u00a0\u00a0\u00a0\u00a0\u00a0\u00a0\u00a0\u00a0\u00a0\u00a0\u00a0\u00a0\u00a0\u00a0\u00a0\u00a0\u00a0\u00a0\u00a0\u00a0\u00a0\u00a0\u00a0\u00a0\u00a0\u00a0\u00a0\u00a0\u00a0\u00a0\u00a0\u00a0\u00a0\u00a0\u00a0\u00a0\u00a0\u00a0\u00a0\u00a0\u00a0\u00a0\u00a0\u00a0\u00a0\u00a0\u00a0\u00a0\u00a0\u00a0\u00a0\u00a0\u00a0\u00a0\u00a0\u00a0\u00a0\u00a0\u00a0\u00a0\u00a0\u00a0\u00a0\u00a0\u00a0\u00a0\u00a0\u00a0\u00a0\u00a0\u00a0\u00a0\u00a0\u00a0\u00a0\u00a0\u00a0\u00a0\u00a0\u00a0\u00a0\u00a0\u00a0\u00a0\u00a0\u00a0\u00a0\u00a0<\/span><\/strong><\/p>\n<p>[\/et_pb_text][\/et_pb_column][\/et_pb_row][\/et_pb_section][et_pb_section fb_built=&#8220;1&#8243; admin_label=&#8220;Feature&#8220; _builder_version=&#8220;4.16&#8243; background_color=&#8220;#160b00&#8243; custom_padding=&#8220;1px|||||&#8220; locked=&#8220;off&#8220; global_colors_info=&#8220;{}&#8220;][\/et_pb_section][et_pb_section fb_built=&#8220;1&#8243; admin_label=&#8220;Feature&#8220; _builder_version=&#8220;4.16&#8243; background_color=&#8220;#160b00&#8243; global_colors_info=&#8220;{}&#8220;][et_pb_row column_structure=&#8220;1_3,2_3&#8243; custom_padding_last_edited=&#8220;on|tablet&#8220; _builder_version=&#8220;4.16&#8243; max_width=&#8220;none&#8220; module_alignment=&#8220;right&#8220; custom_padding=&#8220;|60px||60px|false|true&#8220; custom_padding_tablet=&#8220;|||||false&#8220; custom_padding_phone=&#8220;&#8220; module_alignment_tablet=&#8220;center&#8220; module_alignment_phone=&#8220;&#8220; module_alignment_last_edited=&#8220;on|tablet&#8220; border_width_all=&#8220;2px&#8220; border_color_all=&#8220;#ffcf9a&#8220; border_width_all_tablet=&#8220;2px&#8220; border_width_all_last_edited=&#8220;off|desktop&#8220; global_colors_info=&#8220;{}&#8220;][et_pb_column type=&#8220;1_3&#8243; _builder_version=&#8220;4.16&#8243; global_colors_info=&#8220;{}&#8220;][et_pb_image src=&#8220;https:\/\/xn--mllerin-n2a.com\/wp-content\/uploads\/2020\/12\/Wabenhonig-abfuellen-1.png&#8220; _builder_version=&#8220;4.16&#8243; max_width_tablet=&#8220;250px&#8220; max_width_phone=&#8220;150px&#8220; max_width_last_edited=&#8220;off|tablet&#8220; custom_margin=&#8220;|||-250px|false|false&#8220; custom_margin_tablet=&#8220;-100px|||0px|false|false&#8220; custom_margin_phone=&#8220;&#8220; custom_margin_last_edited=&#8220;on|phone&#8220; locked=&#8220;off&#8220; global_colors_info=&#8220;{}&#8220;][\/et_pb_image][\/et_pb_column][et_pb_column type=&#8220;2_3&#8243; _builder_version=&#8220;4.16&#8243; custom_padding=&#8220;90px||||false|false&#8220; custom_padding_tablet=&#8220;0px||||false|false&#8220; custom_padding_phone=&#8220;&#8220; custom_padding_last_edited=&#8220;on|tablet&#8220; global_colors_info=&#8220;{}&#8220;][et_pb_text _builder_version=&#8220;4.17.4&#8243; text_text_color=&#8220;rgba(255,207,154,0.7)&#8220; text_font_size=&#8220;16px&#8220; text_line_height=&#8220;1.8em&#8220; header_2_font=&#8220;Playfair Display||||||||&#8220; header_2_text_color=&#8220;#ffcf9a&#8220; header_2_font_size=&#8220;10vw&#8220; header_2_line_height=&#8220;0.9em&#8220; background_layout=&#8220;dark&#8220; hover_enabled=&#8220;0&#8243; header_2_font_size_tablet=&#8220;70px&#8220; header_2_font_size_phone=&#8220;50px&#8220; header_2_font_size_last_edited=&#8220;on|phone&#8220; locked=&#8220;off&#8220; inline_fonts=&#8220;Indie Flower&#8220; global_colors_info=&#8220;{}&#8220; sticky_enabled=&#8220;0&#8243;]<\/p>\n<h2><span style=\"font-family: 'Indie Flower';\">Honig<\/span><\/h2>\n<p style=\"text-align: left;\"><span style=\"font-family: 'Indie Flower';\"><\/span>Erh\u00e4ltlich in unserem Hofl\u00e4deli<\/p>\n<p style=\"text-align: left;\">oder auf Bestellung<\/p>\n<p>[\/et_pb_text][et_pb_contact_form captcha=&#8220;off&#8220; _builder_version=&#8220;4.16&#8243; _unique_id=&#8220;5c08ed53-48c9-4f6a-be0f-ee1bbc94ab21&#8243; form_field_background_color=&#8220;rgba(0,0,0,0)&#8220; form_field_text_color=&#8220;#160b00&#8243; title_level=&#8220;h4&#8243; title_font=&#8220;Playfair Display|700|||||||&#8220; title_font_size=&#8220;32px&#8220; form_field_font=&#8220;|600|||||||&#8220; background_color=&#8220;#ffcf9a&#8220; background_image=&#8220;https:\/\/xn--mllerin-n2a.com\/wp-content\/uploads\/2020\/12\/bar-01.png&#8220; background_size=&#8220;initial&#8220; background_repeat=&#8220;repeat&#8220; custom_button=&#8220;on&#8220; button_text_size=&#8220;14px&#8220; button_text_color=&#8220;#000000&#8243; button_border_color=&#8220;#000000&#8243; button_border_radius=&#8220;0px&#8220; button_letter_spacing=&#8220;2px&#8220; button_font=&#8220;Montserrat|700||on|||||&#8220; button_custom_margin=&#8220;30px||||false|false&#8220; button_custom_padding=&#8220;15px|25px|15px|25px|true|true&#8220; transform_scale_tablet=&#8220;&#8220; transform_scale_phone=&#8220;&#8220; transform_scale_last_edited=&#8220;on|desktop&#8220; transform_translate=&#8220;39px|39px&#8220; transform_translate_tablet=&#8220;-30px|-30px&#8220; transform_translate_phone=&#8220;-20px|-20px&#8220; transform_translate_last_edited=&#8220;on|phone&#8220; transform_rotate_tablet=&#8220;&#8220; transform_rotate_phone=&#8220;&#8220; transform_rotate_last_edited=&#8220;on|desktop&#8220; transform_skew_tablet=&#8220;&#8220; transform_skew_phone=&#8220;&#8220; transform_skew_last_edited=&#8220;on|desktop&#8220; transform_origin_tablet=&#8220;&#8220; transform_origin_phone=&#8220;&#8220; transform_origin_last_edited=&#8220;on|desktop&#8220; transform_styles_last_edited=&#8220;on|phone&#8220; custom_padding=&#8220;60px|60px|60px|60px|true|true&#8220; custom_padding_tablet=&#8220;50px|50px|50px|50px|true|true&#8220; custom_padding_phone=&#8220;30px|30px|30px|30px|true|true&#8220; custom_padding_last_edited=&#8220;on|tablet&#8220; title_font_size_tablet=&#8220;24px&#8220; title_font_size_phone=&#8220;20px&#8220; title_font_size_last_edited=&#8220;on|phone&#8220; button_text_color_last_edited=&#8220;off|desktop&#8220; transform_styles_tablet=&#8220;&#8220; transform_styles_phone=&#8220;&#8220; border_width_all=&#8220;2px&#8220; border_color_all=&#8220;#160b00&#8243; global_colors_info=&#8220;{}&#8220; button_text_color__hover=&#8220;#ffcf9a&#8220; button_text_color__hover_enabled=&#8220;on&#8220; button_bg_color__hover=&#8220;#160b00&#8243; button_bg_color__hover_enabled=&#8220;on&#8220; button_bg_enable_color__hover=&#8220;on&#8220;][et_pb_contact_field field_id=&#8220;Name&#8220; field_title=&#8220;Name&#8220; _builder_version=&#8220;4.16&#8243; global_colors_info=&#8220;{}&#8220; button_text_size__hover_enabled=&#8220;off&#8220; button_one_text_size__hover_enabled=&#8220;off&#8220; button_two_text_size__hover_enabled=&#8220;off&#8220; button_text_color__hover_enabled=&#8220;off&#8220; button_one_text_color__hover_enabled=&#8220;off&#8220; button_two_text_color__hover_enabled=&#8220;off&#8220; button_border_width__hover_enabled=&#8220;off&#8220; button_one_border_width__hover_enabled=&#8220;off&#8220; button_two_border_width__hover_enabled=&#8220;off&#8220; button_border_color__hover_enabled=&#8220;off&#8220; button_one_border_color__hover_enabled=&#8220;off&#8220; button_two_border_color__hover_enabled=&#8220;off&#8220; button_border_radius__hover_enabled=&#8220;off&#8220; button_one_border_radius__hover_enabled=&#8220;off&#8220; button_two_border_radius__hover_enabled=&#8220;off&#8220; button_letter_spacing__hover_enabled=&#8220;off&#8220; button_one_letter_spacing__hover_enabled=&#8220;off&#8220; button_two_letter_spacing__hover_enabled=&#8220;off&#8220; button_bg_color__hover_enabled=&#8220;off&#8220; button_one_bg_color__hover_enabled=&#8220;off&#8220; button_two_bg_color__hover_enabled=&#8220;off&#8220;][\/et_pb_contact_field][et_pb_contact_field field_id=&#8220;Email&#8220; field_title=&#8220;Email Address&#8220; field_type=&#8220;email&#8220; _builder_version=&#8220;4.16&#8243; global_colors_info=&#8220;{}&#8220; button_text_size__hover_enabled=&#8220;off&#8220; button_one_text_size__hover_enabled=&#8220;off&#8220; button_two_text_size__hover_enabled=&#8220;off&#8220; button_text_color__hover_enabled=&#8220;off&#8220; button_one_text_color__hover_enabled=&#8220;off&#8220; button_two_text_color__hover_enabled=&#8220;off&#8220; button_border_width__hover_enabled=&#8220;off&#8220; button_one_border_width__hover_enabled=&#8220;off&#8220; button_two_border_width__hover_enabled=&#8220;off&#8220; button_border_color__hover_enabled=&#8220;off&#8220; button_one_border_color__hover_enabled=&#8220;off&#8220; button_two_border_color__hover_enabled=&#8220;off&#8220; button_border_radius__hover_enabled=&#8220;off&#8220; button_one_border_radius__hover_enabled=&#8220;off&#8220; button_two_border_radius__hover_enabled=&#8220;off&#8220; button_letter_spacing__hover_enabled=&#8220;off&#8220; button_one_letter_spacing__hover_enabled=&#8220;off&#8220; button_two_letter_spacing__hover_enabled=&#8220;off&#8220; button_bg_color__hover_enabled=&#8220;off&#8220; button_one_bg_color__hover_enabled=&#8220;off&#8220; button_two_bg_color__hover_enabled=&#8220;off&#8220;][\/et_pb_contact_field][et_pb_contact_field field_id=&#8220;Message&#8220; field_title=&#8220;Message&#8220; field_type=&#8220;text&#8220; fullwidth_field=&#8220;on&#8220; _builder_version=&#8220;4.16&#8243; global_colors_info=&#8220;{}&#8220; button_text_size__hover_enabled=&#8220;off&#8220; button_one_text_size__hover_enabled=&#8220;off&#8220; button_two_text_size__hover_enabled=&#8220;off&#8220; button_text_color__hover_enabled=&#8220;off&#8220; button_one_text_color__hover_enabled=&#8220;off&#8220; button_two_text_color__hover_enabled=&#8220;off&#8220; button_border_width__hover_enabled=&#8220;off&#8220; button_one_border_width__hover_enabled=&#8220;off&#8220; button_two_border_width__hover_enabled=&#8220;off&#8220; button_border_color__hover_enabled=&#8220;off&#8220; button_one_border_color__hover_enabled=&#8220;off&#8220; button_two_border_color__hover_enabled=&#8220;off&#8220; button_border_radius__hover_enabled=&#8220;off&#8220; button_one_border_radius__hover_enabled=&#8220;off&#8220; button_two_border_radius__hover_enabled=&#8220;off&#8220; button_letter_spacing__hover_enabled=&#8220;off&#8220; button_one_letter_spacing__hover_enabled=&#8220;off&#8220; button_two_letter_spacing__hover_enabled=&#8220;off&#8220; button_bg_color__hover_enabled=&#8220;off&#8220; button_one_bg_color__hover_enabled=&#8220;off&#8220; button_two_bg_color__hover_enabled=&#8220;off&#8220;][\/et_pb_contact_field][\/et_pb_contact_form][\/et_pb_column][\/et_pb_row][\/et_pb_section][et_pb_section fb_built=&#8220;1&#8243; fullwidth=&#8220;on&#8220; prev_background_color=&#8220;#160b00&#8243; _builder_version=&#8220;4.16&#8243; width=&#8220;100%&#8220; max_width=&#8220;100%&#8220; top_divider_style=&#8220;wave2&#8243; top_divider_height=&#8220;138px&#8220; top_divider_repeat=&#8220;2x&#8220; hover_transition_duration=&#8220;350ms&#8220; box_shadow_style=&#8220;preset6&#8243; box_shadow_position=&#8220;outer&#8220; global_colors_info=&#8220;{}&#8220;][et_pb_fullwidth_image src=&#8220;https:\/\/xn--mllerin-n2a.com\/wp-content\/uploads\/2020\/12\/Blume.jpg&#8220; _builder_version=&#8220;4.16&#8243; animation_style=&#8220;slide&#8220; global_colors_info=&#8220;{}&#8220;][\/et_pb_fullwidth_image][\/et_pb_section]<\/p>\n","protected":false},"excerpt":{"rendered":"<p>\u00dcber unsWer hat diesen Honig gemacht? Zigtausende Bienen der europ\u00e4ischen Honigbiene Apis mellifera haben f\u00fcr diesen Honig gearbeitet. F\u00fcr einen Teel\u00f6ffel Honig m\u00fcssen vier bis sieben Bienen ihr gesamtes Leben sammeln. Werden die Bienen nicht b\u00f6se, wenn man ihnen den Honig wegnimmt? Doch. Sehr. Deshalb sch\u00fctzen wir uns mit Schleiern bei der Arbeit. Aber wir [&hellip;]<\/p>\n","protected":false},"author":1,"featured_media":0,"parent":0,"menu_order":0,"comment_status":"closed","ping_status":"closed","template":"","meta":{"_et_pb_use_builder":"on","_et_pb_old_content":"","_et_gb_content_width":"","footnotes":""},"class_list":["post-77","page","type-page","status-publish","hentry"],"_links":{"self":[{"href":"https:\/\/xn--mllerin-n2a.com\/index.php?rest_route=\/wp\/v2\/pages\/77","targetHints":{"allow":["GET"]}}],"collection":[{"href":"https:\/\/xn--mllerin-n2a.com\/index.php?rest_route=\/wp\/v2\/pages"}],"about":[{"href":"https:\/\/xn--mllerin-n2a.com\/index.php?rest_route=\/wp\/v2\/types\/page"}],"author":[{"embeddable":true,"href":"https:\/\/xn--mllerin-n2a.com\/index.php?rest_route=\/wp\/v2\/users\/1"}],"replies":[{"embeddable":true,"href":"https:\/\/xn--mllerin-n2a.com\/index.php?rest_route=%2Fwp%2Fv2%2Fcomments&post=77"}],"version-history":[{"count":10,"href":"https:\/\/xn--mllerin-n2a.com\/index.php?rest_route=\/wp\/v2\/pages\/77\/revisions"}],"predecessor-version":[{"id":169,"href":"https:\/\/xn--mllerin-n2a.com\/index.php?rest_route=\/wp\/v2\/pages\/77\/revisions\/169"}],"wp:attachment":[{"href":"https:\/\/xn--mllerin-n2a.com\/index.php?rest_route=%2Fwp%2Fv2%2Fmedia&parent=77"}],"curies":[{"name":"wp","href":"https:\/\/api.w.org\/{rel}","templated":true}]}}